{"id":6111,"date":"2025-04-29T13:30:07","date_gmt":"2025-04-29T11:30:07","guid":{"rendered":"https:\/\/granlenceria.es\/blog\/?page_id=6111"},"modified":"2026-03-12T14:17:54","modified_gmt":"2026-03-12T13:17:54","slug":"reservar","status":"publish","type":"page","link":"https:\/\/granlenceria.es\/blog\/reservar\/","title":{"rendered":"Reserva tu cita"},"content":{"rendered":"\n<h2 class=\"wp-block-heading\">Solo queda un pasito para que nos veamos<\/h2>\n\n\n\n<h3 class=\"wp-block-heading\">\u00bfNos veremos en persona o a trav\u00e9s de una pantalla?<\/h3>\n\n\n\n<p>Las citas presenciales son en Burgos (Avenida Reyes Cat\u00f3licos 44, entreplanta, oficina 5). <\/p>\n\n\n\n<p><strong>Si es tu primera visita<\/strong>, reserva la <strong>asesor\u00eda de 1 hora<\/strong>.<br>Es el tiempo necesario para revisar tu talla, entender qu\u00e9 ocurre con tu pecho y encontrar los sujetadores que realmente te sujeten bien.<\/p>\n\n\n\n<p>Los <strong>25\u20ac de la asesor\u00eda se descuentan de tu compra<\/strong>, as\u00ed que no tiene coste si compras tu sujetador.<\/p>\n\n\n\n<div class=\"wp-block-amelia-step-booking-gutenberg-block\">\n<script>\n  if (typeof hasAmeliaEntitiesApiCall === 'undefined' && '' === '') {\n    var hasAmeliaEntitiesApiCall = true;\n  }\n  var ameliaShortcodeData = (typeof ameliaShortcodeData === 'undefined') ? [] : ameliaShortcodeData;\n  ameliaShortcodeData.push(\n    {\n      'hasApiCall': (typeof hasAmeliaEntitiesApiCall !== 'undefined') && hasAmeliaEntitiesApiCall,\n      'trigger': '',\n      'trigger_type': '',\n      'triggered_form': 'sbsNew',\n      'in_dialog': '',\n      'show': '',\n      'counter': '1000',\n      'category': '',\n      'service': '',\n      'employee': '',\n      'location': '',\n      'package': ''\n    }\n  );\n\n  var ameliaShortcodeDataTriggered = (typeof ameliaShortcodeDataTriggered === 'undefined') ? [] : ameliaShortcodeDataTriggered;\n  if (ameliaShortcodeData[ameliaShortcodeData.length - 1].trigger !== '') {\n    if (ameliaShortcodeDataTriggered.filter(a => a.counter === ameliaShortcodeData[ameliaShortcodeData.length - 1].counter).length === 0) {\n      ameliaShortcodeDataTriggered.push(ameliaShortcodeData.pop());\n    } else {\n      ameliaShortcodeData.pop()\n    }\n  }\n  if (typeof hasAmeliaEntitiesApiCall !== 'undefined' && hasAmeliaEntitiesApiCall) {\n    hasAmeliaEntitiesApiCall = false;\n  }\n<\/script>\n\n<div\n  id=\"amelia-v2-booking-1000\"\n  class=\"amelia-v2-booking\"\n >\n    <step-form-wrapper><\/step-form-wrapper><\/div>\n<\/div>\n\n\n\n<p><a href=\"https:\/\/granlenceria.es\/content\/8-politica-de-proteccion-de-datos\">Pol\u00edtica de privacidad<\/a><\/p>\n","protected":false},"excerpt":{"rendered":"<p>Solo queda un pasito para que nos veamos \u00bfNos veremos en persona o a trav\u00e9s de una pantalla? Las citas presenciales son en Burgos (Avenida Reyes Cat\u00f3licos 44, entreplanta, oficina 5). Si es tu primera visita, reserva la asesor\u00eda de 1 hora.Es el tiempo necesario para revisar tu talla, entender qu\u00e9 ocurre con tu pecho [&hellip;]<\/p>\n","protected":false},"author":2,"featured_media":0,"parent":0,"menu_order":0,"comment_status":"closed","ping_status":"closed","template":"","meta":{"rop_custom_images_group":[],"rop_custom_messages_group":[],"rop_publish_now":"initial","rop_publish_now_accounts":{"twitter_4001688147_4001688147":""},"rop_publish_now_history":[],"rop_publish_now_status":"pending","_exactmetrics_skip_tracking":false,"_exactmetrics_sitenote_active":false,"_exactmetrics_sitenote_note":"","_exactmetrics_sitenote_category":0,"_genesis_hide_title":false,"_genesis_hide_breadcrumbs":false,"_genesis_hide_singular_image":false,"_genesis_hide_footer_widgets":false,"_genesis_custom_body_class":"","_genesis_custom_post_class":"","_genesis_layout":"","_themeisle_gutenberg_block_has_review":false,"footnotes":""},"class_list":{"0":"post-6111","1":"page","2":"type-page","3":"status-publish","5":"entry"},"yoast_head":"<!-- This site is optimized with the Yoast SEO plugin v27.1.1 - https:\/\/yoast.com\/product\/yoast-seo-wordpress\/ -->\n<title>Reserva tu cita - Blog de GranLenceria<\/title>\n<meta name=\"robots\" content=\"noindex, nofollow\" \/>\n<meta property=\"og:locale\" content=\"es_ES\" \/>\n<meta property=\"og:type\" content=\"article\" \/>\n<meta property=\"og:title\" content=\"Reserva tu cita - Blog de GranLenceria\" \/>\n<meta property=\"og:description\" content=\"Solo queda un pasito para que nos veamos \u00bfNos veremos en persona o a trav\u00e9s de una pantalla? Las citas presenciales son en Burgos (Avenida Reyes Cat\u00f3licos 44, entreplanta, oficina 5). Si es tu primera visita, reserva la asesor\u00eda de 1 hora.Es el tiempo necesario para revisar tu talla, entender qu\u00e9 ocurre con tu pecho [&hellip;]\" \/>\n<meta property=\"og:url\" content=\"https:\/\/granlenceria.es\/blog\/reservar\/\" \/>\n<meta property=\"og:site_name\" content=\"Blog de GranLenceria\" \/>\n<meta property=\"article:publisher\" content=\"https:\/\/www.facebook.com\/granlenceria.es\/\" \/>\n<meta property=\"article:modified_time\" content=\"2026-03-12T13:17:54+00:00\" \/>\n<meta name=\"twitter:card\" content=\"summary_large_image\" \/>\n<meta name=\"twitter:site\" content=\"@GranLenceria_es\" \/>\n<meta name=\"twitter:label1\" content=\"Tiempo de lectura\" \/>\n\t<meta name=\"twitter:data1\" content=\"1 minuto\" \/>\n<script type=\"application\/ld+json\" class=\"yoast-schema-graph\">{\"@context\":\"https:\/\/schema.org\",\"@graph\":[{\"@type\":\"WebPage\",\"@id\":\"https:\/\/granlenceria.es\/blog\/reservar\/\",\"url\":\"https:\/\/granlenceria.es\/blog\/reservar\/\",\"name\":\"Reserva tu cita - Blog de GranLenceria\",\"isPartOf\":{\"@id\":\"https:\/\/granlenceria.es\/blog\/#website\"},\"datePublished\":\"2025-04-29T11:30:07+00:00\",\"dateModified\":\"2026-03-12T13:17:54+00:00\",\"breadcrumb\":{\"@id\":\"https:\/\/granlenceria.es\/blog\/reservar\/#breadcrumb\"},\"inLanguage\":\"es\",\"potentialAction\":[{\"@type\":\"ReadAction\",\"target\":[\"https:\/\/granlenceria.es\/blog\/reservar\/\"]}]},{\"@type\":\"BreadcrumbList\",\"@id\":\"https:\/\/granlenceria.es\/blog\/reservar\/#breadcrumb\",\"itemListElement\":[{\"@type\":\"ListItem\",\"position\":1,\"name\":\"Portada\",\"item\":\"https:\/\/granlenceria.es\/blog\/\"},{\"@type\":\"ListItem\",\"position\":2,\"name\":\"Reserva tu cita\"}]},{\"@type\":\"WebSite\",\"@id\":\"https:\/\/granlenceria.es\/blog\/#website\",\"url\":\"https:\/\/granlenceria.es\/blog\/\",\"name\":\"Blog de GranLenceria\",\"description\":\"El blog de la lenceria de tallas grandes\",\"publisher\":{\"@id\":\"https:\/\/granlenceria.es\/blog\/#organization\"},\"potentialAction\":[{\"@type\":\"SearchAction\",\"target\":{\"@type\":\"EntryPoint\",\"urlTemplate\":\"https:\/\/granlenceria.es\/blog\/?s={search_term_string}\"},\"query-input\":{\"@type\":\"PropertyValueSpecification\",\"valueRequired\":true,\"valueName\":\"search_term_string\"}}],\"inLanguage\":\"es\"},{\"@type\":\"Organization\",\"@id\":\"https:\/\/granlenceria.es\/blog\/#organization\",\"name\":\"GranLenceria.es\",\"url\":\"https:\/\/granlenceria.es\/blog\/\",\"logo\":{\"@type\":\"ImageObject\",\"inLanguage\":\"es\",\"@id\":\"https:\/\/granlenceria.es\/blog\/#\/schema\/logo\/image\/\",\"url\":\"https:\/\/granlenceria.es\/blog\/wp-content\/uploads\/2015\/10\/cropped-logo.es-2.jpg\",\"contentUrl\":\"https:\/\/granlenceria.es\/blog\/wp-content\/uploads\/2015\/10\/cropped-logo.es-2.jpg\",\"width\":270,\"height\":80,\"caption\":\"GranLenceria.es\"},\"image\":{\"@id\":\"https:\/\/granlenceria.es\/blog\/#\/schema\/logo\/image\/\"},\"sameAs\":[\"https:\/\/www.facebook.com\/granlenceria.es\/\",\"https:\/\/x.com\/GranLenceria_es\",\"https:\/\/www.instagram.com\/granlenceria\/\",\"https:\/\/www.youtube.com\/channel\/UCBi0cJfMXIqNY62iHqezQkQ\"]}]}<\/script>\n<!-- \/ Yoast SEO plugin. -->","yoast_head_json":{"title":"Reserva tu cita - Blog de GranLenceria","robots":{"index":"noindex","follow":"nofollow"},"og_locale":"es_ES","og_type":"article","og_title":"Reserva tu cita - Blog de GranLenceria","og_description":"Solo queda un pasito para que nos veamos \u00bfNos veremos en persona o a trav\u00e9s de una pantalla? Las citas presenciales son en Burgos (Avenida Reyes Cat\u00f3licos 44, entreplanta, oficina 5). Si es tu primera visita, reserva la asesor\u00eda de 1 hora.Es el tiempo necesario para revisar tu talla, entender qu\u00e9 ocurre con tu pecho [&hellip;]","og_url":"https:\/\/granlenceria.es\/blog\/reservar\/","og_site_name":"Blog de GranLenceria","article_publisher":"https:\/\/www.facebook.com\/granlenceria.es\/","article_modified_time":"2026-03-12T13:17:54+00:00","twitter_card":"summary_large_image","twitter_site":"@GranLenceria_es","twitter_misc":{"Tiempo de lectura":"1 minuto"},"schema":{"@context":"https:\/\/schema.org","@graph":[{"@type":"WebPage","@id":"https:\/\/granlenceria.es\/blog\/reservar\/","url":"https:\/\/granlenceria.es\/blog\/reservar\/","name":"Reserva tu cita - Blog de GranLenceria","isPartOf":{"@id":"https:\/\/granlenceria.es\/blog\/#website"},"datePublished":"2025-04-29T11:30:07+00:00","dateModified":"2026-03-12T13:17:54+00:00","breadcrumb":{"@id":"https:\/\/granlenceria.es\/blog\/reservar\/#breadcrumb"},"inLanguage":"es","potentialAction":[{"@type":"ReadAction","target":["https:\/\/granlenceria.es\/blog\/reservar\/"]}]},{"@type":"BreadcrumbList","@id":"https:\/\/granlenceria.es\/blog\/reservar\/#breadcrumb","itemListElement":[{"@type":"ListItem","position":1,"name":"Portada","item":"https:\/\/granlenceria.es\/blog\/"},{"@type":"ListItem","position":2,"name":"Reserva tu cita"}]},{"@type":"WebSite","@id":"https:\/\/granlenceria.es\/blog\/#website","url":"https:\/\/granlenceria.es\/blog\/","name":"Blog de GranLenceria","description":"El blog de la lenceria de tallas grandes","publisher":{"@id":"https:\/\/granlenceria.es\/blog\/#organization"},"potentialAction":[{"@type":"SearchAction","target":{"@type":"EntryPoint","urlTemplate":"https:\/\/granlenceria.es\/blog\/?s={search_term_string}"},"query-input":{"@type":"PropertyValueSpecification","valueRequired":true,"valueName":"search_term_string"}}],"inLanguage":"es"},{"@type":"Organization","@id":"https:\/\/granlenceria.es\/blog\/#organization","name":"GranLenceria.es","url":"https:\/\/granlenceria.es\/blog\/","logo":{"@type":"ImageObject","inLanguage":"es","@id":"https:\/\/granlenceria.es\/blog\/#\/schema\/logo\/image\/","url":"https:\/\/granlenceria.es\/blog\/wp-content\/uploads\/2015\/10\/cropped-logo.es-2.jpg","contentUrl":"https:\/\/granlenceria.es\/blog\/wp-content\/uploads\/2015\/10\/cropped-logo.es-2.jpg","width":270,"height":80,"caption":"GranLenceria.es"},"image":{"@id":"https:\/\/granlenceria.es\/blog\/#\/schema\/logo\/image\/"},"sameAs":["https:\/\/www.facebook.com\/granlenceria.es\/","https:\/\/x.com\/GranLenceria_es","https:\/\/www.instagram.com\/granlenceria\/","https:\/\/www.youtube.com\/channel\/UCBi0cJfMXIqNY62iHqezQkQ"]}]}},"_links":{"self":[{"href":"https:\/\/granlenceria.es\/blog\/wp-json\/wp\/v2\/pages\/6111","targetHints":{"allow":["GET"]}}],"collection":[{"href":"https:\/\/granlenceria.es\/blog\/wp-json\/wp\/v2\/pages"}],"about":[{"href":"https:\/\/granlenceria.es\/blog\/wp-json\/wp\/v2\/types\/page"}],"author":[{"embeddable":true,"href":"https:\/\/granlenceria.es\/blog\/wp-json\/wp\/v2\/users\/2"}],"replies":[{"embeddable":true,"href":"https:\/\/granlenceria.es\/blog\/wp-json\/wp\/v2\/comments?post=6111"}],"version-history":[{"count":10,"href":"https:\/\/granlenceria.es\/blog\/wp-json\/wp\/v2\/pages\/6111\/revisions"}],"predecessor-version":[{"id":6334,"href":"https:\/\/granlenceria.es\/blog\/wp-json\/wp\/v2\/pages\/6111\/revisions\/6334"}],"wp:attachment":[{"href":"https:\/\/granlenceria.es\/blog\/wp-json\/wp\/v2\/media?parent=6111"}],"curies":[{"name":"wp","href":"https:\/\/api.w.org\/{rel}","templated":true}]}}