{"id":4635,"date":"2021-02-09T20:32:00","date_gmt":"2021-02-09T19:32:00","guid":{"rendered":"https:\/\/b.granlenceria.es\/blog\/?page_id=4635"},"modified":"2024-02-22T13:27:32","modified_gmt":"2024-02-22T12:27:32","slug":"cambios-y-devoluciones","status":"publish","type":"page","link":"https:\/\/granlenceria.es\/blog\/cambios-y-devoluciones\/","title":{"rendered":"Cambios y devoluciones"},"content":{"rendered":"\n<p>Qu\u00e9 pena que no te quede bien o no te guste. Pero no te preocupes, que tiene soluci\u00f3n.<\/p>\n\n\n\n<p>Quiero recordarte que tienes 15 d\u00edas, desde la recepci\u00f3n del pedido, para tramitar el cambio o devoluci\u00f3n y hacerme llegar el paquete de vuelta.<\/p>\n\n\n\n<p>Como no quiero repetirme (por si lo le\u00edste antes de comprar) te dejo el <a href=\"https:\/\/granlenceria.es\/content\/6-cambios-y-devoluciones\">enlace <\/a>a las condiciones de cambios y devoluciones.<\/p>\n\n\n\n<p>Para realizar una <strong>devoluci\u00f3n<\/strong>, simplemente m\u00e1ndame un mail a info@granlenceria.es y te contestar\u00e9 con lo que tienes que hacer. Si compraste varias prendas ind\u00edcame cual o cuales devuelves en ese mail.<\/p>\n\n\n\n<p>Si lo que deseas es efectuar un <strong>cambio de modelo <\/strong>porque el que pediste no te gusta aunque la talla es correcta, escr\u00edbeme a info@granlenceria.es y me indicas el modelo que me devuelves y la talla color y modelo nuevo que quieres.<\/p>\n\n\n\n<p>En caso de que necesites hacer un <strong>cambio de talla<\/strong> he preparado un formulario con el que ver c\u00f3mo te queda el sujetador y, a partir de tus respuestas, poder recomendarte la talla o el patr\u00f3n que mejor se adapten a ti. <\/p>\n\n\n\n<p>Si necesitas cambiar m\u00e1s de un sujetador rellena el formulario una vez por cada modelo.<\/p>\n\n\n\n<p>Es importante que rellenes bien el formulario, porque el segundo cambio (y la devoluci\u00f3n tras un cambio) tienen un coste para ti de 12\u20ac. Si ves que no te aclaras mucho con el formulario, te propongo que hagamos una v\u00eddeo llamada, de 10 minutos m\u00e1ximo, para que veamos juntas lo que falla (por lo que te pedir\u00e9 que te pongas el sujetador que hay que cambiar). Desde este <a href=\"https:\/\/granlenceria.es\/blog\/reservar\/\">enlace <\/a>puedes reservar cita para la asesor\u00eda de cambio de talla.<\/p>\n\n\n\n<typebot-standard id=\"ZSBqiCjasV\" style=\"width: 100%; height: 600px;\"><\/typebot-standard><script type=\"module\">\n    import Typebot from \"https:\/\/cdn.jsdelivr.net\/npm\/@typebot.io\/js@0.3\/dist\/web.js\"\n    const urlParams = new URLSearchParams(window.location.search);\n    const queryParams = Object.fromEntries(urlParams.entries());\n    Typebot.initStandard({ apiHost: \"https:\/\/typebot.co\", wsHost: \"partykit.typebot.io\", id: \"ZSBqiCjasV\", typebot: \"formulario-de-cambios-de-talla-291ezi7\", prefilledVariables: { ...window.typebotWpUser, ...queryParams } });<\/script>\n\n\n\n<p><\/p>\n","protected":false},"excerpt":{"rendered":"<p>Qu\u00e9 pena que no te quede bien o no te guste. Pero no te preocupes, que tiene soluci\u00f3n. Quiero recordarte que tienes 15 d\u00edas, desde la recepci\u00f3n del pedido, para tramitar el cambio o devoluci\u00f3n y hacerme llegar el paquete de vuelta. Como no quiero repetirme (por si lo le\u00edste antes de comprar) te dejo [&hellip;]<\/p>\n","protected":false},"author":2,"featured_media":0,"parent":0,"menu_order":0,"comment_status":"closed","ping_status":"closed","template":"","meta":{"rop_custom_images_group":[],"rop_custom_messages_group":[],"rop_publish_now":"initial","rop_publish_now_accounts":{"twitter_4001688147_4001688147":""},"rop_publish_now_history":[],"rop_publish_now_status":"pending","_exactmetrics_skip_tracking":false,"_exactmetrics_sitenote_active":false,"_exactmetrics_sitenote_note":"","_exactmetrics_sitenote_category":0,"_genesis_hide_title":false,"_genesis_hide_breadcrumbs":false,"_genesis_hide_singular_image":false,"_genesis_hide_footer_widgets":false,"_genesis_custom_body_class":"","_genesis_custom_post_class":"","_genesis_layout":"","_themeisle_gutenberg_block_has_review":false,"footnotes":""},"class_list":{"0":"post-4635","1":"page","2":"type-page","3":"status-publish","5":"entry"},"yoast_head":"<!-- This site is optimized with the Yoast SEO plugin v27.1.1 - https:\/\/yoast.com\/product\/yoast-seo-wordpress\/ -->\n<title>Cambios y devoluciones - Blog de GranLenceria<\/title>\n<meta name=\"robots\" content=\"noindex, nofollow\" \/>\n<meta property=\"og:locale\" content=\"es_ES\" \/>\n<meta property=\"og:type\" content=\"article\" \/>\n<meta property=\"og:title\" content=\"Cambios y devoluciones - Blog de GranLenceria\" \/>\n<meta property=\"og:description\" content=\"Qu\u00e9 pena que no te quede bien o no te guste. Pero no te preocupes, que tiene soluci\u00f3n. Quiero recordarte que tienes 15 d\u00edas, desde la recepci\u00f3n del pedido, para tramitar el cambio o devoluci\u00f3n y hacerme llegar el paquete de vuelta. Como no quiero repetirme (por si lo le\u00edste antes de comprar) te dejo [&hellip;]\" \/>\n<meta property=\"og:url\" content=\"https:\/\/granlenceria.es\/blog\/cambios-y-devoluciones\/\" \/>\n<meta property=\"og:site_name\" content=\"Blog de GranLenceria\" \/>\n<meta property=\"article:publisher\" content=\"https:\/\/www.facebook.com\/granlenceria.es\/\" \/>\n<meta property=\"article:modified_time\" content=\"2024-02-22T12:27:32+00:00\" \/>\n<meta name=\"twitter:card\" content=\"summary_large_image\" \/>\n<meta name=\"twitter:site\" content=\"@GranLenceria_es\" \/>\n<meta name=\"twitter:label1\" content=\"Tiempo de lectura\" \/>\n\t<meta name=\"twitter:data1\" content=\"2 minutos\" \/>\n<script type=\"application\/ld+json\" class=\"yoast-schema-graph\">{\"@context\":\"https:\/\/schema.org\",\"@graph\":[{\"@type\":\"WebPage\",\"@id\":\"https:\/\/granlenceria.es\/blog\/cambios-y-devoluciones\/\",\"url\":\"https:\/\/granlenceria.es\/blog\/cambios-y-devoluciones\/\",\"name\":\"Cambios y devoluciones - Blog de GranLenceria\",\"isPartOf\":{\"@id\":\"https:\/\/granlenceria.es\/blog\/#website\"},\"datePublished\":\"2021-02-09T19:32:00+00:00\",\"dateModified\":\"2024-02-22T12:27:32+00:00\",\"breadcrumb\":{\"@id\":\"https:\/\/granlenceria.es\/blog\/cambios-y-devoluciones\/#breadcrumb\"},\"inLanguage\":\"es\",\"potentialAction\":[{\"@type\":\"ReadAction\",\"target\":[\"https:\/\/granlenceria.es\/blog\/cambios-y-devoluciones\/\"]}]},{\"@type\":\"BreadcrumbList\",\"@id\":\"https:\/\/granlenceria.es\/blog\/cambios-y-devoluciones\/#breadcrumb\",\"itemListElement\":[{\"@type\":\"ListItem\",\"position\":1,\"name\":\"Portada\",\"item\":\"https:\/\/granlenceria.es\/blog\/\"},{\"@type\":\"ListItem\",\"position\":2,\"name\":\"Cambios y devoluciones\"}]},{\"@type\":\"WebSite\",\"@id\":\"https:\/\/granlenceria.es\/blog\/#website\",\"url\":\"https:\/\/granlenceria.es\/blog\/\",\"name\":\"Blog de GranLenceria\",\"description\":\"El blog de la lenceria de tallas grandes\",\"publisher\":{\"@id\":\"https:\/\/granlenceria.es\/blog\/#organization\"},\"potentialAction\":[{\"@type\":\"SearchAction\",\"target\":{\"@type\":\"EntryPoint\",\"urlTemplate\":\"https:\/\/granlenceria.es\/blog\/?s={search_term_string}\"},\"query-input\":{\"@type\":\"PropertyValueSpecification\",\"valueRequired\":true,\"valueName\":\"search_term_string\"}}],\"inLanguage\":\"es\"},{\"@type\":\"Organization\",\"@id\":\"https:\/\/granlenceria.es\/blog\/#organization\",\"name\":\"GranLenceria.es\",\"url\":\"https:\/\/granlenceria.es\/blog\/\",\"logo\":{\"@type\":\"ImageObject\",\"inLanguage\":\"es\",\"@id\":\"https:\/\/granlenceria.es\/blog\/#\/schema\/logo\/image\/\",\"url\":\"https:\/\/granlenceria.es\/blog\/wp-content\/uploads\/2015\/10\/cropped-logo.es-2.jpg\",\"contentUrl\":\"https:\/\/granlenceria.es\/blog\/wp-content\/uploads\/2015\/10\/cropped-logo.es-2.jpg\",\"width\":270,\"height\":80,\"caption\":\"GranLenceria.es\"},\"image\":{\"@id\":\"https:\/\/granlenceria.es\/blog\/#\/schema\/logo\/image\/\"},\"sameAs\":[\"https:\/\/www.facebook.com\/granlenceria.es\/\",\"https:\/\/x.com\/GranLenceria_es\",\"https:\/\/www.instagram.com\/granlenceria\/\",\"https:\/\/www.youtube.com\/channel\/UCBi0cJfMXIqNY62iHqezQkQ\"]}]}<\/script>\n<!-- \/ Yoast SEO plugin. -->","yoast_head_json":{"title":"Cambios y devoluciones - Blog de GranLenceria","robots":{"index":"noindex","follow":"nofollow"},"og_locale":"es_ES","og_type":"article","og_title":"Cambios y devoluciones - Blog de GranLenceria","og_description":"Qu\u00e9 pena que no te quede bien o no te guste. Pero no te preocupes, que tiene soluci\u00f3n. Quiero recordarte que tienes 15 d\u00edas, desde la recepci\u00f3n del pedido, para tramitar el cambio o devoluci\u00f3n y hacerme llegar el paquete de vuelta. Como no quiero repetirme (por si lo le\u00edste antes de comprar) te dejo [&hellip;]","og_url":"https:\/\/granlenceria.es\/blog\/cambios-y-devoluciones\/","og_site_name":"Blog de GranLenceria","article_publisher":"https:\/\/www.facebook.com\/granlenceria.es\/","article_modified_time":"2024-02-22T12:27:32+00:00","twitter_card":"summary_large_image","twitter_site":"@GranLenceria_es","twitter_misc":{"Tiempo de lectura":"2 minutos"},"schema":{"@context":"https:\/\/schema.org","@graph":[{"@type":"WebPage","@id":"https:\/\/granlenceria.es\/blog\/cambios-y-devoluciones\/","url":"https:\/\/granlenceria.es\/blog\/cambios-y-devoluciones\/","name":"Cambios y devoluciones - Blog de GranLenceria","isPartOf":{"@id":"https:\/\/granlenceria.es\/blog\/#website"},"datePublished":"2021-02-09T19:32:00+00:00","dateModified":"2024-02-22T12:27:32+00:00","breadcrumb":{"@id":"https:\/\/granlenceria.es\/blog\/cambios-y-devoluciones\/#breadcrumb"},"inLanguage":"es","potentialAction":[{"@type":"ReadAction","target":["https:\/\/granlenceria.es\/blog\/cambios-y-devoluciones\/"]}]},{"@type":"BreadcrumbList","@id":"https:\/\/granlenceria.es\/blog\/cambios-y-devoluciones\/#breadcrumb","itemListElement":[{"@type":"ListItem","position":1,"name":"Portada","item":"https:\/\/granlenceria.es\/blog\/"},{"@type":"ListItem","position":2,"name":"Cambios y devoluciones"}]},{"@type":"WebSite","@id":"https:\/\/granlenceria.es\/blog\/#website","url":"https:\/\/granlenceria.es\/blog\/","name":"Blog de GranLenceria","description":"El blog de la lenceria de tallas grandes","publisher":{"@id":"https:\/\/granlenceria.es\/blog\/#organization"},"potentialAction":[{"@type":"SearchAction","target":{"@type":"EntryPoint","urlTemplate":"https:\/\/granlenceria.es\/blog\/?s={search_term_string}"},"query-input":{"@type":"PropertyValueSpecification","valueRequired":true,"valueName":"search_term_string"}}],"inLanguage":"es"},{"@type":"Organization","@id":"https:\/\/granlenceria.es\/blog\/#organization","name":"GranLenceria.es","url":"https:\/\/granlenceria.es\/blog\/","logo":{"@type":"ImageObject","inLanguage":"es","@id":"https:\/\/granlenceria.es\/blog\/#\/schema\/logo\/image\/","url":"https:\/\/granlenceria.es\/blog\/wp-content\/uploads\/2015\/10\/cropped-logo.es-2.jpg","contentUrl":"https:\/\/granlenceria.es\/blog\/wp-content\/uploads\/2015\/10\/cropped-logo.es-2.jpg","width":270,"height":80,"caption":"GranLenceria.es"},"image":{"@id":"https:\/\/granlenceria.es\/blog\/#\/schema\/logo\/image\/"},"sameAs":["https:\/\/www.facebook.com\/granlenceria.es\/","https:\/\/x.com\/GranLenceria_es","https:\/\/www.instagram.com\/granlenceria\/","https:\/\/www.youtube.com\/channel\/UCBi0cJfMXIqNY62iHqezQkQ"]}]}},"_links":{"self":[{"href":"https:\/\/granlenceria.es\/blog\/wp-json\/wp\/v2\/pages\/4635","targetHints":{"allow":["GET"]}}],"collection":[{"href":"https:\/\/granlenceria.es\/blog\/wp-json\/wp\/v2\/pages"}],"about":[{"href":"https:\/\/granlenceria.es\/blog\/wp-json\/wp\/v2\/types\/page"}],"author":[{"embeddable":true,"href":"https:\/\/granlenceria.es\/blog\/wp-json\/wp\/v2\/users\/2"}],"replies":[{"embeddable":true,"href":"https:\/\/granlenceria.es\/blog\/wp-json\/wp\/v2\/comments?post=4635"}],"version-history":[{"count":12,"href":"https:\/\/granlenceria.es\/blog\/wp-json\/wp\/v2\/pages\/4635\/revisions"}],"predecessor-version":[{"id":5853,"href":"https:\/\/granlenceria.es\/blog\/wp-json\/wp\/v2\/pages\/4635\/revisions\/5853"}],"wp:attachment":[{"href":"https:\/\/granlenceria.es\/blog\/wp-json\/wp\/v2\/media?parent=4635"}],"curies":[{"name":"wp","href":"https:\/\/api.w.org\/{rel}","templated":true}]}}