{"id":1260,"date":"2016-11-26T17:05:21","date_gmt":"2016-11-26T16:05:21","guid":{"rendered":"https:\/\/b.granlenceria.es\/blog\/?page_id=1260"},"modified":"2021-01-25T16:52:28","modified_gmt":"2021-01-25T15:52:28","slug":"tienes-mucho-pecho-descubre-talla-sujetador","status":"publish","type":"page","link":"https:\/\/granlenceria.es\/blog\/tienes-mucho-pecho-descubre-talla-sujetador\/","title":{"rendered":"\u00bfTienes mucho pecho? Descubre tu talla de sujetador"},"content":{"rendered":"<h1><span><strong>\u00bfTe molesta tu sujetador?<\/strong><\/span><\/h1>\n<p>Descubre c\u00f3mo conseguir que se adapte completamente a ti.<\/p>\n<p><span style=\"width: 100%;\"><img decoding=\"async\" alt=\"\" width=\"3000\" height=\"2000\" title=\"ELOMI-LINGERIE-SORAYA-DARK-ROSE-UW-PLUNGE-BRA-EL4247-BRIEF-EL4275-CONSUMER-WEB-AW18\" data-id=\"3367\" src=\"https:\/\/granlenceria.es\/blog\/wp-content\/uploads\/2018\/07\/ELOMI-LINGERIE-SORAYA-DARK-ROSE-UW-PLUNGE-BRA-EL4247-BRIEF-EL4275-CONSUMER-WEB-AW18.jpg\" style=\"\"><\/span><\/p>\n<h2><strong>\u00bfTu sujetador te queda como el del v\u00eddeo?<\/strong><\/h2>\n<h1>S\u00ed, aunque tengas mucho pecho el sujetador debe sentarte a la perfecci\u00f3n, as\u00ed que si no te queda igual que a la chica del v\u00eddeo es porque ese sujetador no es de tu talla.<\/h1>\n<p>Olvida el pasado en el que encontrar un sujetador de gran capacidad era misi\u00f3n imposible.&nbsp;<\/p>\n<p>Por suerte, las marcas ya fabrican dise\u00f1os preciosos para nosotras en m\u00e1s de 100 tallas diferentes.<\/p>\n<p>Lo \u00fanico que necesitamos es descubrir la tuya. Adem\u00e1s, en cu\u00e1nto sepamos tu talla,&nbsp;<strong>te ayudar\u00e9 a conocer los modelos que mejor se adaptan a ti<\/strong>. Hay patrones diferentes para cada tipo de pecho.<\/p>\n<p><span style=\"width: 100%;\"><img decoding=\"async\" alt=\"\" width=\"2249\" height=\"3000\" title=\"FANTASIE-LINGERIE-LEONA-BLUSH-UW-REBECCA-SPACER-FULL-CUP-BRA-FL2681-FULL-BRIEF-FL2683-CONSUMER-WEB-SS18\" data-id=\"2865\" src=\"https:\/\/granlenceria.es\/blog\/wp-content\/uploads\/2018\/02\/FANTASIE-LINGERIE-LEONA-BLUSH-UW-REBECCA-SPACER-FULL-CUP-BRA-FL2681-FULL-BRIEF-FL2683-CONSUMER-WEB-SS18.jpg\" style=\"\"><\/span><\/p>\n<h2><span>Beneficios de llevar un sujetador de tu talla<\/span><\/h2>\n<li><span>Desaparece el dolor de hombros<\/span><\/li>\n<li><span>Adios a los roces del aro<\/span><\/li>\n<li><span>Se acaban los bultitos de grasa en los senos \u00a1y los sustos!<\/span><\/li>\n<li><span>Te ves m\u00e1s delgada<\/span><\/li>\n<li><span>Tu figura est\u00e1 m\u00e1s proporcionada<\/span><\/li>\n<li><span>La ropa te sienta mucho mejor<\/span><\/li>\n<h1 style=\"text-align: center;\"><span><span>Deja atr\u00e1s todas las molestias provocadas por el<\/span><\/span><span> <span><em><span style=\"color: rgb(186, 2, 148);\">SUJETADOR<\/span><\/em><\/span><\/span><\/h1>\n<p style=\"text-align: center;\"><span>Descarga la calculadora y descubre, de una vez, la talla con la que te sentir\u00e1s realmente c\u00f3moda.<\/span><\/p>\n","protected":false},"excerpt":{"rendered":"<p>\u00bfTe molesta tu sujetador? Descubre c\u00f3mo conseguir que se adapte completamente a ti. \u00bfTu sujetador te queda como el del v\u00eddeo? S\u00ed, aunque tengas mucho pecho el sujetador debe sentarte a la perfecci\u00f3n, as\u00ed que si no te queda igual que a la chica del v\u00eddeo es porque ese sujetador no es de tu talla. [&hellip;]<\/p>\n","protected":false},"author":2,"featured_media":0,"parent":0,"menu_order":0,"comment_status":"closed","ping_status":"closed","template":"page_landing.php","meta":{"rop_custom_images_group":[],"rop_custom_messages_group":[],"rop_publish_now":"initial","rop_publish_now_accounts":{"twitter_4001688147_4001688147":""},"rop_publish_now_history":[],"rop_publish_now_status":"pending","_exactmetrics_skip_tracking":false,"_exactmetrics_sitenote_active":false,"_exactmetrics_sitenote_note":"","_exactmetrics_sitenote_category":0,"_genesis_hide_title":false,"_genesis_hide_breadcrumbs":false,"_genesis_hide_singular_image":false,"_genesis_hide_footer_widgets":false,"_genesis_custom_body_class":"","_genesis_custom_post_class":"","_genesis_layout":"","_themeisle_gutenberg_block_has_review":false,"footnotes":""},"class_list":{"0":"post-1260","1":"page","2":"type-page","3":"status-publish","5":"entry"},"yoast_head":"<!-- This site is optimized with the Yoast SEO plugin v27.1.1 - https:\/\/yoast.com\/product\/yoast-seo-wordpress\/ -->\n<title>\u00bfTienes mucho pecho? Descubre tu talla de sujetador - Blog de GranLenceria<\/title>\n<meta name=\"robots\" content=\"index, follow, max-snippet:-1, max-image-preview:large, max-video-preview:-1\" \/>\n<link rel=\"canonical\" href=\"https:\/\/granlenceria.es\/blog\/tienes-mucho-pecho-descubre-talla-sujetador\/\" \/>\n<meta property=\"og:locale\" content=\"es_ES\" \/>\n<meta property=\"og:type\" content=\"article\" \/>\n<meta property=\"og:title\" content=\"\u00bfTienes mucho pecho? Descubre tu talla de sujetador - Blog de GranLenceria\" \/>\n<meta property=\"og:description\" content=\"\u00bfTe molesta tu sujetador? Descubre c\u00f3mo conseguir que se adapte completamente a ti. \u00bfTu sujetador te queda como el del v\u00eddeo? S\u00ed, aunque tengas mucho pecho el sujetador debe sentarte a la perfecci\u00f3n, as\u00ed que si no te queda igual que a la chica del v\u00eddeo es porque ese sujetador no es de tu talla. [&hellip;]\" \/>\n<meta property=\"og:url\" content=\"https:\/\/granlenceria.es\/blog\/tienes-mucho-pecho-descubre-talla-sujetador\/\" \/>\n<meta property=\"og:site_name\" content=\"Blog de GranLenceria\" \/>\n<meta property=\"article:publisher\" content=\"https:\/\/www.facebook.com\/granlenceria.es\/\" \/>\n<meta property=\"article:modified_time\" content=\"2021-01-25T15:52:28+00:00\" \/>\n<meta property=\"og:image\" content=\"https:\/\/granlenceria.es\/blog\/wp-content\/uploads\/2017\/03\/Talla-err\u00f3nea-copia.jpg\" \/>\n\t<meta property=\"og:image:width\" content=\"2048\" \/>\n\t<meta property=\"og:image:height\" content=\"1151\" \/>\n\t<meta property=\"og:image:type\" content=\"image\/jpeg\" \/>\n<meta name=\"twitter:card\" content=\"summary_large_image\" \/>\n<meta name=\"twitter:site\" content=\"@GranLenceria_es\" \/>\n<meta name=\"twitter:label1\" content=\"Tiempo de lectura\" \/>\n\t<meta name=\"twitter:data1\" content=\"1 minuto\" \/>\n<script type=\"application\/ld+json\" class=\"yoast-schema-graph\">{\"@context\":\"https:\/\/schema.org\",\"@graph\":[{\"@type\":\"WebPage\",\"@id\":\"https:\/\/granlenceria.es\/blog\/tienes-mucho-pecho-descubre-talla-sujetador\/\",\"url\":\"https:\/\/granlenceria.es\/blog\/tienes-mucho-pecho-descubre-talla-sujetador\/\",\"name\":\"\u00bfTienes mucho pecho? Descubre tu talla de sujetador - Blog de GranLenceria\",\"isPartOf\":{\"@id\":\"https:\/\/granlenceria.es\/blog\/#website\"},\"primaryImageOfPage\":{\"@id\":\"https:\/\/granlenceria.es\/blog\/tienes-mucho-pecho-descubre-talla-sujetador\/#primaryimage\"},\"image\":{\"@id\":\"https:\/\/granlenceria.es\/blog\/tienes-mucho-pecho-descubre-talla-sujetador\/#primaryimage\"},\"thumbnailUrl\":\"https:\/\/granlenceria.es\/blog\/wp-content\/uploads\/2018\/07\/ELOMI-LINGERIE-SORAYA-DARK-ROSE-UW-PLUNGE-BRA-EL4247-BRIEF-EL4275-CONSUMER-WEB-AW18.jpg\",\"datePublished\":\"2016-11-26T16:05:21+00:00\",\"dateModified\":\"2021-01-25T15:52:28+00:00\",\"breadcrumb\":{\"@id\":\"https:\/\/granlenceria.es\/blog\/tienes-mucho-pecho-descubre-talla-sujetador\/#breadcrumb\"},\"inLanguage\":\"es\",\"potentialAction\":[{\"@type\":\"ReadAction\",\"target\":[\"https:\/\/granlenceria.es\/blog\/tienes-mucho-pecho-descubre-talla-sujetador\/\"]}]},{\"@type\":\"ImageObject\",\"inLanguage\":\"es\",\"@id\":\"https:\/\/granlenceria.es\/blog\/tienes-mucho-pecho-descubre-talla-sujetador\/#primaryimage\",\"url\":\"https:\/\/granlenceria.es\/blog\/wp-content\/uploads\/2018\/07\/ELOMI-LINGERIE-SORAYA-DARK-ROSE-UW-PLUNGE-BRA-EL4247-BRIEF-EL4275-CONSUMER-WEB-AW18.jpg\",\"contentUrl\":\"https:\/\/granlenceria.es\/blog\/wp-content\/uploads\/2018\/07\/ELOMI-LINGERIE-SORAYA-DARK-ROSE-UW-PLUNGE-BRA-EL4247-BRIEF-EL4275-CONSUMER-WEB-AW18.jpg\",\"width\":3000,\"height\":2000},{\"@type\":\"BreadcrumbList\",\"@id\":\"https:\/\/granlenceria.es\/blog\/tienes-mucho-pecho-descubre-talla-sujetador\/#breadcrumb\",\"itemListElement\":[{\"@type\":\"ListItem\",\"position\":1,\"name\":\"Portada\",\"item\":\"https:\/\/granlenceria.es\/blog\/\"},{\"@type\":\"ListItem\",\"position\":2,\"name\":\"\u00bfTienes mucho pecho? Descubre tu talla de sujetador\"}]},{\"@type\":\"WebSite\",\"@id\":\"https:\/\/granlenceria.es\/blog\/#website\",\"url\":\"https:\/\/granlenceria.es\/blog\/\",\"name\":\"Blog de GranLenceria\",\"description\":\"El blog de la lenceria de tallas grandes\",\"publisher\":{\"@id\":\"https:\/\/granlenceria.es\/blog\/#organization\"},\"potentialAction\":[{\"@type\":\"SearchAction\",\"target\":{\"@type\":\"EntryPoint\",\"urlTemplate\":\"https:\/\/granlenceria.es\/blog\/?s={search_term_string}\"},\"query-input\":{\"@type\":\"PropertyValueSpecification\",\"valueRequired\":true,\"valueName\":\"search_term_string\"}}],\"inLanguage\":\"es\"},{\"@type\":\"Organization\",\"@id\":\"https:\/\/granlenceria.es\/blog\/#organization\",\"name\":\"GranLenceria.es\",\"url\":\"https:\/\/granlenceria.es\/blog\/\",\"logo\":{\"@type\":\"ImageObject\",\"inLanguage\":\"es\",\"@id\":\"https:\/\/granlenceria.es\/blog\/#\/schema\/logo\/image\/\",\"url\":\"https:\/\/granlenceria.es\/blog\/wp-content\/uploads\/2015\/10\/cropped-logo.es-2.jpg\",\"contentUrl\":\"https:\/\/granlenceria.es\/blog\/wp-content\/uploads\/2015\/10\/cropped-logo.es-2.jpg\",\"width\":270,\"height\":80,\"caption\":\"GranLenceria.es\"},\"image\":{\"@id\":\"https:\/\/granlenceria.es\/blog\/#\/schema\/logo\/image\/\"},\"sameAs\":[\"https:\/\/www.facebook.com\/granlenceria.es\/\",\"https:\/\/x.com\/GranLenceria_es\",\"https:\/\/www.instagram.com\/granlenceria\/\",\"https:\/\/www.youtube.com\/channel\/UCBi0cJfMXIqNY62iHqezQkQ\"]}]}<\/script>\n<!-- \/ Yoast SEO plugin. -->","yoast_head_json":{"title":"\u00bfTienes mucho pecho? Descubre tu talla de sujetador - Blog de GranLenceria","robots":{"index":"index","follow":"follow","max-snippet":"max-snippet:-1","max-image-preview":"max-image-preview:large","max-video-preview":"max-video-preview:-1"},"canonical":"https:\/\/granlenceria.es\/blog\/tienes-mucho-pecho-descubre-talla-sujetador\/","og_locale":"es_ES","og_type":"article","og_title":"\u00bfTienes mucho pecho? Descubre tu talla de sujetador - Blog de GranLenceria","og_description":"\u00bfTe molesta tu sujetador? Descubre c\u00f3mo conseguir que se adapte completamente a ti. \u00bfTu sujetador te queda como el del v\u00eddeo? S\u00ed, aunque tengas mucho pecho el sujetador debe sentarte a la perfecci\u00f3n, as\u00ed que si no te queda igual que a la chica del v\u00eddeo es porque ese sujetador no es de tu talla. [&hellip;]","og_url":"https:\/\/granlenceria.es\/blog\/tienes-mucho-pecho-descubre-talla-sujetador\/","og_site_name":"Blog de GranLenceria","article_publisher":"https:\/\/www.facebook.com\/granlenceria.es\/","article_modified_time":"2021-01-25T15:52:28+00:00","og_image":[{"width":2048,"height":1151,"url":"https:\/\/granlenceria.es\/blog\/wp-content\/uploads\/2017\/03\/Talla-err\u00f3nea-copia.jpg","type":"image\/jpeg"}],"twitter_card":"summary_large_image","twitter_site":"@GranLenceria_es","twitter_misc":{"Tiempo de lectura":"1 minuto"},"schema":{"@context":"https:\/\/schema.org","@graph":[{"@type":"WebPage","@id":"https:\/\/granlenceria.es\/blog\/tienes-mucho-pecho-descubre-talla-sujetador\/","url":"https:\/\/granlenceria.es\/blog\/tienes-mucho-pecho-descubre-talla-sujetador\/","name":"\u00bfTienes mucho pecho? Descubre tu talla de sujetador - Blog de GranLenceria","isPartOf":{"@id":"https:\/\/granlenceria.es\/blog\/#website"},"primaryImageOfPage":{"@id":"https:\/\/granlenceria.es\/blog\/tienes-mucho-pecho-descubre-talla-sujetador\/#primaryimage"},"image":{"@id":"https:\/\/granlenceria.es\/blog\/tienes-mucho-pecho-descubre-talla-sujetador\/#primaryimage"},"thumbnailUrl":"https:\/\/granlenceria.es\/blog\/wp-content\/uploads\/2018\/07\/ELOMI-LINGERIE-SORAYA-DARK-ROSE-UW-PLUNGE-BRA-EL4247-BRIEF-EL4275-CONSUMER-WEB-AW18.jpg","datePublished":"2016-11-26T16:05:21+00:00","dateModified":"2021-01-25T15:52:28+00:00","breadcrumb":{"@id":"https:\/\/granlenceria.es\/blog\/tienes-mucho-pecho-descubre-talla-sujetador\/#breadcrumb"},"inLanguage":"es","potentialAction":[{"@type":"ReadAction","target":["https:\/\/granlenceria.es\/blog\/tienes-mucho-pecho-descubre-talla-sujetador\/"]}]},{"@type":"ImageObject","inLanguage":"es","@id":"https:\/\/granlenceria.es\/blog\/tienes-mucho-pecho-descubre-talla-sujetador\/#primaryimage","url":"https:\/\/granlenceria.es\/blog\/wp-content\/uploads\/2018\/07\/ELOMI-LINGERIE-SORAYA-DARK-ROSE-UW-PLUNGE-BRA-EL4247-BRIEF-EL4275-CONSUMER-WEB-AW18.jpg","contentUrl":"https:\/\/granlenceria.es\/blog\/wp-content\/uploads\/2018\/07\/ELOMI-LINGERIE-SORAYA-DARK-ROSE-UW-PLUNGE-BRA-EL4247-BRIEF-EL4275-CONSUMER-WEB-AW18.jpg","width":3000,"height":2000},{"@type":"BreadcrumbList","@id":"https:\/\/granlenceria.es\/blog\/tienes-mucho-pecho-descubre-talla-sujetador\/#breadcrumb","itemListElement":[{"@type":"ListItem","position":1,"name":"Portada","item":"https:\/\/granlenceria.es\/blog\/"},{"@type":"ListItem","position":2,"name":"\u00bfTienes mucho pecho? Descubre tu talla de sujetador"}]},{"@type":"WebSite","@id":"https:\/\/granlenceria.es\/blog\/#website","url":"https:\/\/granlenceria.es\/blog\/","name":"Blog de GranLenceria","description":"El blog de la lenceria de tallas grandes","publisher":{"@id":"https:\/\/granlenceria.es\/blog\/#organization"},"potentialAction":[{"@type":"SearchAction","target":{"@type":"EntryPoint","urlTemplate":"https:\/\/granlenceria.es\/blog\/?s={search_term_string}"},"query-input":{"@type":"PropertyValueSpecification","valueRequired":true,"valueName":"search_term_string"}}],"inLanguage":"es"},{"@type":"Organization","@id":"https:\/\/granlenceria.es\/blog\/#organization","name":"GranLenceria.es","url":"https:\/\/granlenceria.es\/blog\/","logo":{"@type":"ImageObject","inLanguage":"es","@id":"https:\/\/granlenceria.es\/blog\/#\/schema\/logo\/image\/","url":"https:\/\/granlenceria.es\/blog\/wp-content\/uploads\/2015\/10\/cropped-logo.es-2.jpg","contentUrl":"https:\/\/granlenceria.es\/blog\/wp-content\/uploads\/2015\/10\/cropped-logo.es-2.jpg","width":270,"height":80,"caption":"GranLenceria.es"},"image":{"@id":"https:\/\/granlenceria.es\/blog\/#\/schema\/logo\/image\/"},"sameAs":["https:\/\/www.facebook.com\/granlenceria.es\/","https:\/\/x.com\/GranLenceria_es","https:\/\/www.instagram.com\/granlenceria\/","https:\/\/www.youtube.com\/channel\/UCBi0cJfMXIqNY62iHqezQkQ"]}]}},"_links":{"self":[{"href":"https:\/\/granlenceria.es\/blog\/wp-json\/wp\/v2\/pages\/1260","targetHints":{"allow":["GET"]}}],"collection":[{"href":"https:\/\/granlenceria.es\/blog\/wp-json\/wp\/v2\/pages"}],"about":[{"href":"https:\/\/granlenceria.es\/blog\/wp-json\/wp\/v2\/types\/page"}],"author":[{"embeddable":true,"href":"https:\/\/granlenceria.es\/blog\/wp-json\/wp\/v2\/users\/2"}],"replies":[{"embeddable":true,"href":"https:\/\/granlenceria.es\/blog\/wp-json\/wp\/v2\/comments?post=1260"}],"version-history":[{"count":39,"href":"https:\/\/granlenceria.es\/blog\/wp-json\/wp\/v2\/pages\/1260\/revisions"}],"predecessor-version":[{"id":4559,"href":"https:\/\/granlenceria.es\/blog\/wp-json\/wp\/v2\/pages\/1260\/revisions\/4559"}],"wp:attachment":[{"href":"https:\/\/granlenceria.es\/blog\/wp-json\/wp\/v2\/media?parent=1260"}],"curies":[{"name":"wp","href":"https:\/\/api.w.org\/{rel}","templated":true}]}}